{"id":790,"date":"2025-03-15T12:17:40","date_gmt":"2025-03-15T11:17:40","guid":{"rendered":"https:\/\/helpinghands-achim.de\/?page_id=790"},"modified":"2025-03-15T14:23:21","modified_gmt":"2025-03-15T13:23:21","slug":"professionelle-reinigung","status":"publish","type":"page","link":"https:\/\/helpinghands-achim.de\/index.php\/professionelle-reinigung\/","title":{"rendered":"Professionelle Reinigung"},"content":{"rendered":"\n<p>Suchen Sie nach einer professionellen Reinigung z.B. f\u00fcr<\/p>\n\n\n\n<ul class=\"wp-block-list\">\n<li>Ihr Treppenhaus,<\/li>\n\n\n\n<li>Ihr B\u00fcro,<\/li>\n\n\n\n<li>Ihre Arztpraxis oder<\/li>\n\n\n\n<li>Ihr Haus (Grundreinigung bzw. Endreinigung\/Erstbezug)?<\/li>\n<\/ul>\n\n\n\n<p>Sind Sie auf der Suche nach Unterst\u00fczung bei<\/p>\n\n\n\n<ul class=\"wp-block-list\">\n<li>der Pflege von Gr\u00fcnanlagen oder<\/li>\n\n\n\n<li>der Glasreinigung (z.B. Fenster, \u00dcberdachungen)?<\/li>\n<\/ul>\n\n\n\n<p>Haben Sie weitere W\u00fcnsche und m\u00f6chten ein ganz auf Sie abgestimmtes Angebot? <\/p>\n\n\n\n<p><strong>Dann sind Sie bei uns genau richtig!<\/strong><\/p>\n\n\n\n<p><\/p>\n\n\n\n<figure class=\"wp-block-gallery has-nested-images columns-default is-cropped wp-block-gallery-1 is-layout-flex wp-block-gallery-is-layout-flex\">\n<figure class=\"wp-block-image size-large\"><img fetchpriority=\"high\" decoding=\"async\" width=\"1024\" height=\"683\" data-id=\"798\" src=\"https:\/\/helpinghands-achim.de\/wp-content\/uploads\/2025\/03\/Bueroreinigung-1-2-1024x683.jpg\" alt=\"\" class=\"wp-image-798\" srcset=\"https:\/\/helpinghands-achim.de\/wp-content\/uploads\/2025\/03\/Bueroreinigung-1-2-1024x683.jpg 1024w, https:\/\/helpinghands-achim.de\/wp-content\/uploads\/2025\/03\/Bueroreinigung-1-2-300x200.jpg 300w, https:\/\/helpinghands-achim.de\/wp-content\/uploads\/2025\/03\/Bueroreinigung-1-2-768x512.jpg 768w, https:\/\/helpinghands-achim.de\/wp-content\/uploads\/2025\/03\/Bueroreinigung-1-2-1536x1024.jpg 1536w, https:\/\/helpinghands-achim.de\/wp-content\/uploads\/2025\/03\/Bueroreinigung-1-2-2048x1365.jpg 2048w\" sizes=\"(max-width: 1024px) 100vw, 1024px\" \/><\/figure>\n\n\n\n<figure class=\"wp-block-image size-large\"><img decoding=\"async\" width=\"683\" height=\"1024\" data-id=\"800\" src=\"https:\/\/helpinghands-achim.de\/wp-content\/uploads\/2025\/03\/Treppenhaus-1-683x1024.jpg\" alt=\"\" class=\"wp-image-800\" srcset=\"https:\/\/helpinghands-achim.de\/wp-content\/uploads\/2025\/03\/Treppenhaus-1-683x1024.jpg 683w, https:\/\/helpinghands-achim.de\/wp-content\/uploads\/2025\/03\/Treppenhaus-1-200x300.jpg 200w, https:\/\/helpinghands-achim.de\/wp-content\/uploads\/2025\/03\/Treppenhaus-1-768x1152.jpg 768w, https:\/\/helpinghands-achim.de\/wp-content\/uploads\/2025\/03\/Treppenhaus-1-1024x1536.jpg 1024w, https:\/\/helpinghands-achim.de\/wp-content\/uploads\/2025\/03\/Treppenhaus-1-1365x2048.jpg 1365w, https:\/\/helpinghands-achim.de\/wp-content\/uploads\/2025\/03\/Treppenhaus-1-scaled.jpg 1707w\" sizes=\"(max-width: 683px) 100vw, 683px\" \/><\/figure>\n\n\n\n<figure class=\"wp-block-image size-large\"><img decoding=\"async\" width=\"1024\" height=\"758\" data-id=\"797\" src=\"https:\/\/helpinghands-achim.de\/wp-content\/uploads\/2025\/03\/Gruenanlage-1-1024x758.jpg\" alt=\"\" class=\"wp-image-797\" srcset=\"https:\/\/helpinghands-achim.de\/wp-content\/uploads\/2025\/03\/Gruenanlage-1-1024x758.jpg 1024w, https:\/\/helpinghands-achim.de\/wp-content\/uploads\/2025\/03\/Gruenanlage-1-300x222.jpg 300w, https:\/\/helpinghands-achim.de\/wp-content\/uploads\/2025\/03\/Gruenanlage-1-768x568.jpg 768w, https:\/\/helpinghands-achim.de\/wp-content\/uploads\/2025\/03\/Gruenanlage-1-1536x1137.jpg 1536w, https:\/\/helpinghands-achim.de\/wp-content\/uploads\/2025\/03\/Gruenanlage-1-2048x1516.jpg 2048w\" sizes=\"(max-width: 1024px) 100vw, 1024px\" \/><\/figure>\n<\/figure>\n\n\n\n<div style=\"height:0px\" aria-hidden=\"true\" class=\"wp-block-spacer\"><\/div>\n\n\n\n<p>Wir bieten Ihnen den bestm\u00f6glichen Service, bei dem uns eine qualitative hochwertige Reinigung, Zuverl\u00e4ssigkeit und somit Ihre Zufriedenheit besonders wichtig ist.<\/p>\n\n\n\n<p><\/p>\n\n\n\n<h2 class=\"wp-block-heading\">Preise<\/h2>\n\n\n\n<p>Gerne erstellen wir Ihnen ein individuelles, speziell auf Sie zugeschnittenes <a href=\"https:\/\/helpinghands-achim.de\/index.php\/kontakt\/\" data-type=\"page\" data-id=\"19\">Angebot<\/a>, ganz nach Ihren W\u00fcnschen und Bed\u00fcrfnissen.<\/p>\n\n\n\n<p><\/p>\n","protected":false},"excerpt":{"rendered":"<p>Suchen Sie nach einer professionellen Reinigung z.B. f\u00fcr Sind Sie auf der Suche nach Unterst\u00fczung bei Haben Sie weitere W\u00fcnsche und m\u00f6chten ein ganz auf Sie abgestimmtes Angebot? Dann sind Sie bei uns genau richtig! Wir bieten Ihnen den bestm\u00f6glichen Service, bei dem uns eine qualitative hochwertige Reinigung, Zuverl\u00e4ssigkeit und somit Ihre Zufriedenheit besonders wichtig &#8230; <a title=\"Professionelle Reinigung\" class=\"read-more\" href=\"https:\/\/helpinghands-achim.de\/index.php\/professionelle-reinigung\/\" aria-label=\"Mehr dazu unter Professionelle Reinigung\">Weiterlesen<\/a><\/p>\n","protected":false},"author":2,"featured_media":0,"parent":0,"menu_order":0,"comment_status":"closed","ping_status":"closed","template":"","meta":{"footnotes":""},"class_list":["post-790","page","type-page","status-publish"],"_links":{"self":[{"href":"https:\/\/helpinghands-achim.de\/index.php\/wp-json\/wp\/v2\/pages\/790","targetHints":{"allow":["GET"]}}],"collection":[{"href":"https:\/\/helpinghands-achim.de\/index.php\/wp-json\/wp\/v2\/pages"}],"about":[{"href":"https:\/\/helpinghands-achim.de\/index.php\/wp-json\/wp\/v2\/types\/page"}],"author":[{"embeddable":true,"href":"https:\/\/helpinghands-achim.de\/index.php\/wp-json\/wp\/v2\/users\/2"}],"replies":[{"embeddable":true,"href":"https:\/\/helpinghands-achim.de\/index.php\/wp-json\/wp\/v2\/comments?post=790"}],"version-history":[{"count":14,"href":"https:\/\/helpinghands-achim.de\/index.php\/wp-json\/wp\/v2\/pages\/790\/revisions"}],"predecessor-version":[{"id":822,"href":"https:\/\/helpinghands-achim.de\/index.php\/wp-json\/wp\/v2\/pages\/790\/revisions\/822"}],"wp:attachment":[{"href":"https:\/\/helpinghands-achim.de\/index.php\/wp-json\/wp\/v2\/media?parent=790"}],"curies":[{"name":"wp","href":"https:\/\/api.w.org\/{rel}","templated":true}]}}